{"id":3534,"date":"2021-06-12T17:03:16","date_gmt":"2021-06-12T17:03:16","guid":{"rendered":"http:\/\/cj.diakonia.ro\/vreau-sa-ajut\/"},"modified":"2021-06-13T11:54:47","modified_gmt":"2021-06-13T11:54:47","slug":"vreau-sa-ajut","status":"publish","type":"page","link":"https:\/\/cj.diakonia.ro\/ro\/vreau-sa-ajut\/","title":{"rendered":"Vreau s\u0103 ajut"},"content":{"rendered":"\t\t<div data-elementor-type=\"wp-page\" data-elementor-id=\"3534\" class=\"elementor elementor-3534 elementor-2373\">\n\t\t\t\t\t\t<section class=\"elementor-section elementor-top-section elementor-element elementor-element-76f2a5c elementor-section-stretched elementor-section-full_width elementor-section-height-default elementor-section-height-default\" data-id=\"76f2a5c\" data-element_type=\"section\" data-e-type=\"section\" data-settings=\"{&quot;stretch_section&quot;:&quot;section-stretched&quot;,&quot;jet_parallax_layout_list&quot;:[{&quot;jet_parallax_layout_image&quot;:{&quot;url&quot;:&quot;&quot;,&quot;id&quot;:&quot;&quot;,&quot;size&quot;:&quot;&quot;},&quot;_id&quot;:&quot;032f595&quot;,&quot;jet_parallax_layout_image_tablet&quot;:{&quot;url&quot;:&quot;&quot;,&quot;id&quot;:&quot;&quot;,&quot;size&quot;:&quot;&quot;},&quot;jet_parallax_layout_image_mobile&quot;:{&quot;url&quot;:&quot;&quot;,&quot;id&quot;:&quot;&quot;,&quot;size&quot;:&quot;&quot;},&quot;jet_parallax_layout_speed&quot;:{&quot;unit&quot;:&quot;%&quot;,&quot;size&quot;:50,&quot;sizes&quot;:[]},&quot;jet_parallax_layout_type&quot;:&quot;scroll&quot;,&quot;jet_parallax_layout_direction&quot;:&quot;1&quot;,&quot;jet_parallax_layout_fx_direction&quot;:null,&quot;jet_parallax_layout_z_index&quot;:&quot;&quot;,&quot;jet_parallax_layout_bg_x&quot;:50,&quot;jet_parallax_layout_bg_x_tablet&quot;:&quot;&quot;,&quot;jet_parallax_layout_bg_x_mobile&quot;:&quot;&quot;,&quot;jet_parallax_layout_bg_y&quot;:50,&quot;jet_parallax_layout_bg_y_tablet&quot;:&quot;&quot;,&quot;jet_parallax_layout_bg_y_mobile&quot;:&quot;&quot;,&quot;jet_parallax_layout_bg_size&quot;:&quot;auto&quot;,&quot;jet_parallax_layout_bg_size_tablet&quot;:&quot;&quot;,&quot;jet_parallax_layout_bg_size_mobile&quot;:&quot;&quot;,&quot;jet_parallax_layout_animation_prop&quot;:&quot;transform&quot;,&quot;jet_parallax_layout_on&quot;:[&quot;desktop&quot;,&quot;tablet&quot;]}]}\">\n\t\t\t\t\t\t<div class=\"elementor-container elementor-column-gap-default\">\n\t\t\t\t\t<div class=\"elementor-column elementor-col-100 elementor-top-column elementor-element elementor-element-ea29873\" data-id=\"ea29873\" data-element_type=\"column\" data-e-type=\"column\">\n\t\t\t<div class=\"elementor-widget-wrap elementor-element-populated\">\n\t\t\t\t\t\t<div class=\"elementor-element elementor-element-423e695 elementor-widget elementor-widget-image\" data-id=\"423e695\" data-element_type=\"widget\" data-e-type=\"widget\" data-widget_type=\"image.default\">\n\t\t\t\t<div class=\"elementor-widget-container\">\n\t\t\t\t\t\t\t\t\t\t\t\t\t\t\t<img fetchpriority=\"high\" decoding=\"async\" width=\"1920\" height=\"354\" src=\"https:\/\/cj.diakonia.ro\/wp-content\/uploads\/2021\/06\/Diakonia-adomanyozas-header-ro.jpg\" class=\"attachment-full size-full wp-image-3569\" alt=\"\" srcset=\"https:\/\/cj.diakonia.ro\/wp-content\/uploads\/2021\/06\/Diakonia-adomanyozas-header-ro.jpg 1920w, https:\/\/cj.diakonia.ro\/wp-content\/uploads\/2021\/06\/Diakonia-adomanyozas-header-ro-300x55.jpg 300w, https:\/\/cj.diakonia.ro\/wp-content\/uploads\/2021\/06\/Diakonia-adomanyozas-header-ro-1024x189.jpg 1024w, https:\/\/cj.diakonia.ro\/wp-content\/uploads\/2021\/06\/Diakonia-adomanyozas-header-ro-768x142.jpg 768w, https:\/\/cj.diakonia.ro\/wp-content\/uploads\/2021\/06\/Diakonia-adomanyozas-header-ro-1536x283.jpg 1536w, https:\/\/cj.diakonia.ro\/wp-content\/uploads\/2021\/06\/Diakonia-adomanyozas-header-ro-600x111.jpg 600w\" sizes=\"(max-width: 1920px) 100vw, 1920px\" \/>\t\t\t\t\t\t\t\t\t\t\t\t\t\t\t<\/div>\n\t\t\t\t<\/div>\n\t\t\t\t\t<\/div>\n\t\t<\/div>\n\t\t\t\t\t<\/div>\n\t\t<\/section>\n\t\t\t\t<section class=\"elementor-section elementor-top-section elementor-element elementor-element-b7eb2d2 elementor-section-full_width elementor-section-height-default elementor-section-height-default\" data-id=\"b7eb2d2\" data-element_type=\"section\" data-e-type=\"section\" data-settings=\"{&quot;jet_parallax_layout_list&quot;:[{&quot;jet_parallax_layout_image&quot;:{&quot;url&quot;:&quot;&quot;,&quot;id&quot;:&quot;&quot;,&quot;size&quot;:&quot;&quot;},&quot;_id&quot;:&quot;3ad8759&quot;,&quot;jet_parallax_layout_image_tablet&quot;:{&quot;url&quot;:&quot;&quot;,&quot;id&quot;:&quot;&quot;,&quot;size&quot;:&quot;&quot;},&quot;jet_parallax_layout_image_mobile&quot;:{&quot;url&quot;:&quot;&quot;,&quot;id&quot;:&quot;&quot;,&quot;size&quot;:&quot;&quot;},&quot;jet_parallax_layout_speed&quot;:{&quot;unit&quot;:&quot;%&quot;,&quot;size&quot;:50,&quot;sizes&quot;:[]},&quot;jet_parallax_layout_type&quot;:&quot;scroll&quot;,&quot;jet_parallax_layout_direction&quot;:&quot;1&quot;,&quot;jet_parallax_layout_fx_direction&quot;:null,&quot;jet_parallax_layout_z_index&quot;:&quot;&quot;,&quot;jet_parallax_layout_bg_x&quot;:50,&quot;jet_parallax_layout_bg_x_tablet&quot;:&quot;&quot;,&quot;jet_parallax_layout_bg_x_mobile&quot;:&quot;&quot;,&quot;jet_parallax_layout_bg_y&quot;:50,&quot;jet_parallax_layout_bg_y_tablet&quot;:&quot;&quot;,&quot;jet_parallax_layout_bg_y_mobile&quot;:&quot;&quot;,&quot;jet_parallax_layout_bg_size&quot;:&quot;auto&quot;,&quot;jet_parallax_layout_bg_size_tablet&quot;:&quot;&quot;,&quot;jet_parallax_layout_bg_size_mobile&quot;:&quot;&quot;,&quot;jet_parallax_layout_animation_prop&quot;:&quot;transform&quot;,&quot;jet_parallax_layout_on&quot;:[&quot;desktop&quot;,&quot;tablet&quot;]}]}\">\n\t\t\t\t\t\t<div class=\"elementor-container elementor-column-gap-no\">\n\t\t\t\t\t<div class=\"elementor-column elementor-col-100 elementor-top-column elementor-element elementor-element-a333385\" data-id=\"a333385\" data-element_type=\"column\" data-e-type=\"column\">\n\t\t\t<div class=\"elementor-widget-wrap elementor-element-populated\">\n\t\t\t\t\t\t<div class=\"elementor-element elementor-element-8c79262 elementor-widget elementor-widget-jet-tabs\" data-id=\"8c79262\" data-element_type=\"widget\" data-e-type=\"widget\" data-settings=\"{&quot;tabs_position&quot;:&quot;left&quot;,&quot;tabs_position_mobile&quot;:&quot;top&quot;,&quot;no_active_tabs&quot;:&quot;false&quot;}\" data-widget_type=\"jet-tabs.default\">\n\t\t\t\t<div class=\"elementor-widget-container\">\n\t\t\t\t\t\n\t\t<div class=\"jet-tabs jet-tabs-position-left jet-tabs-move-up-effect  \" data-settings=\"{&quot;activeIndex&quot;:0,&quot;event&quot;:&quot;click&quot;,&quot;autoSwitch&quot;:false,&quot;autoSwitchDelay&quot;:3000,&quot;ajaxTemplate&quot;:false,&quot;tabsPosition&quot;:&quot;left&quot;,&quot;switchScrolling&quot;:false,&quot;switchScrollingOffset&quot;:0}\">\n\t\t\t\t\t\t<div style=\"min-width:450px; min-width:450px;width:450px;flex:0 0 450px;\" class=\"jet-tabs__control-wrapper\" role=\"tablist\">\n\n                                    <div id=\"jet-tabs-control-1471\" class=\"jet-tabs__control jet-tabs__control-icon-left elementor-menu-anchor active-tab \" data-tab=\"1\" tabindex=\"0\" role=\"tab\" aria-controls=\"jet-tabs-content-1471\" aria-expanded=\"true\" data-template-id=\"false\"><div class=\"jet-tabs__control-inner\"><div class=\"jet-tabs__label-icon jet-tabs-icon\"><i class=\"far fa-user\"><\/i><\/div><div class=\"jet-tabs__label-text\">Firm\u0103 sau persoan\u0103 fizic\u0103<\/div><\/div><\/div><div id=\"jet-tabs-control-1472\" class=\"jet-tabs__control jet-tabs__control-icon-left elementor-menu-anchor  \" data-tab=\"2\" tabindex=\"0\" role=\"tab\" aria-controls=\"jet-tabs-content-1472\" aria-expanded=\"false\" data-template-id=\"false\"><div class=\"jet-tabs__control-inner\"><div class=\"jet-tabs__label-icon jet-tabs-icon\"><i class=\"nc-icon-outline business_money-bag\"><\/i><\/div><div class=\"jet-tabs__label-text\">Dona\u021bie<\/div><\/div><\/div><div id=\"jet-tabs-control-1473\" class=\"jet-tabs__control jet-tabs__control-icon-left elementor-menu-anchor  \" data-tab=\"3\" tabindex=\"0\" role=\"tab\" aria-controls=\"jet-tabs-content-1473\" aria-expanded=\"false\" data-template-id=\"false\"><div class=\"jet-tabs__control-inner\"><div class=\"jet-tabs__label-icon jet-tabs-icon\"><i class=\"fas fa-credit-card\"><\/i><\/div><div class=\"jet-tabs__label-text\">Transfer Bancar<\/div><\/div><\/div><div id=\"jet-tabs-control-1474\" class=\"jet-tabs__control jet-tabs__control-icon-left elementor-menu-anchor  \" data-tab=\"4\" tabindex=\"0\" role=\"tab\" aria-controls=\"jet-tabs-content-1474\" aria-expanded=\"false\" data-template-id=\"false\"><div class=\"jet-tabs__control-inner\"><div class=\"jet-tabs__label-icon jet-tabs-icon\"><i class=\"fab fa-paypal\"><\/i><\/div><div class=\"jet-tabs__label-text\">Pay Pal<\/div><\/div><\/div><div id=\"jet-tabs-control-1475\" class=\"jet-tabs__control jet-tabs__control-icon-left elementor-menu-anchor  \" data-tab=\"5\" tabindex=\"0\" role=\"tab\" aria-controls=\"jet-tabs-content-1475\" aria-expanded=\"false\" data-template-id=\"false\"><div class=\"jet-tabs__control-inner\"><div class=\"jet-tabs__label-icon jet-tabs-icon\"><i class=\"fas fa-percentage\"><\/i><\/div><div class=\"jet-tabs__label-text\">3,5% din impozitul pe venit<\/div><\/div><\/div><div id=\"jet-tabs-control-1476\" class=\"jet-tabs__control jet-tabs__control-icon-left elementor-menu-anchor  \" data-tab=\"6\" tabindex=\"0\" role=\"tab\" aria-controls=\"jet-tabs-content-1476\" aria-expanded=\"false\" data-template-id=\"false\"><div class=\"jet-tabs__control-inner\"><div class=\"jet-tabs__label-icon jet-tabs-icon\"><i class=\"fas fa-hand-holding-heart\"><\/i><\/div><div class=\"jet-tabs__label-text\">Voluntariat<\/div><\/div><\/div>\n                    \t\t\t    <\/div>\n\t\t\t<div class=\"jet-tabs__content-wrapper\">\n\t\t\t\t<div id=\"jet-tabs-content-1471\" class=\"jet-tabs__content active-content\" data-tab=\"1\" role=\"tabpanel\" aria-hidden=\"false\" data-template-id=\"false\"><p><img decoding=\"async\" class=\"alignleft size-full wp-image-2408\" src=\"https:\/\/cj.diakonia.ro\/wp-content\/uploads\/2020\/06\/adomanyozas-maganszemely.jpg\" alt=\"\" width=\"330\" height=\"360\" srcset=\"https:\/\/cj.diakonia.ro\/wp-content\/uploads\/2020\/06\/adomanyozas-maganszemely.jpg 330w, https:\/\/cj.diakonia.ro\/wp-content\/uploads\/2020\/06\/adomanyozas-maganszemely-275x300.jpg 275w\" sizes=\"(max-width: 330px) 100vw, 330px\" \/><\/p><h3>\u00a0<\/h3><h3>Transfer Bancar<\/h3><p><strong>BANCA:<\/strong> Banca Transilvania, sucursala Cluj-Napoca<\/p><p><strong>SWIFT:<\/strong> BTRLRO22<\/p><p><strong>CONT: <\/strong>RO15BTRL01301205F20060XX<\/p><\/div><div id=\"jet-tabs-content-1472\" class=\"jet-tabs__content \" data-tab=\"2\" role=\"tabpanel\" aria-hidden=\"true\" data-template-id=\"false\"><p><img decoding=\"async\" class=\"alignleft size-full wp-image-2429\" src=\"https:\/\/cj.diakonia.ro\/wp-content\/uploads\/2020\/06\/penzgyujtes.jpg\" alt=\"\" width=\"330\" height=\"360\" srcset=\"https:\/\/cj.diakonia.ro\/wp-content\/uploads\/2020\/06\/penzgyujtes.jpg 330w, https:\/\/cj.diakonia.ro\/wp-content\/uploads\/2020\/06\/penzgyujtes-275x300.jpg 275w\" sizes=\"(max-width: 330px) 100vw, 330px\" \/><\/p><h3>\u00a0<\/h3><h3>\u00a0<\/h3><h3>\u00a0<\/h3><h3>Dona\u021bie<\/h3><\/div><div id=\"jet-tabs-content-1473\" class=\"jet-tabs__content \" data-tab=\"3\" role=\"tabpanel\" aria-hidden=\"true\" data-template-id=\"false\"><p><img loading=\"lazy\" decoding=\"async\" class=\"alignleft size-full wp-image-2412\" src=\"https:\/\/cj.diakonia.ro\/wp-content\/uploads\/2020\/06\/bankkartyas-utalas.jpg\" alt=\"\" width=\"330\" height=\"360\" srcset=\"https:\/\/cj.diakonia.ro\/wp-content\/uploads\/2020\/06\/bankkartyas-utalas.jpg 330w, https:\/\/cj.diakonia.ro\/wp-content\/uploads\/2020\/06\/bankkartyas-utalas-275x300.jpg 275w\" sizes=\"(max-width: 330px) 100vw, 330px\" \/><\/p><h3>Transfer Bancar<\/h3><\/div><div id=\"jet-tabs-content-1474\" class=\"jet-tabs__content \" data-tab=\"4\" role=\"tabpanel\" aria-hidden=\"true\" data-template-id=\"false\"><p><img loading=\"lazy\" decoding=\"async\" class=\"alignleft size-full wp-image-2424\" src=\"https:\/\/cj.diakonia.ro\/wp-content\/uploads\/2020\/06\/paypal.jpg\" alt=\"\" width=\"330\" height=\"360\" srcset=\"https:\/\/cj.diakonia.ro\/wp-content\/uploads\/2020\/06\/paypal.jpg 330w, https:\/\/cj.diakonia.ro\/wp-content\/uploads\/2020\/06\/paypal-275x300.jpg 275w\" sizes=\"(max-width: 330px) 100vw, 330px\" \/><\/p>\n<h3>\u00a0<\/h3>\n<h3>Pay Pal<\/h3>\n<p>[wpedon id=2507]<\/p>\n<\/div><div id=\"jet-tabs-content-1475\" class=\"jet-tabs__content \" data-tab=\"5\" role=\"tabpanel\" aria-hidden=\"true\" data-template-id=\"false\"><img loading=\"lazy\" decoding=\"async\" class=\"alignleft size-full wp-image-2404\" src=\"https:\/\/cj.diakonia.ro\/wp-content\/uploads\/2020\/06\/ado.jpg\" alt=\"\" width=\"330\" height=\"360\" srcset=\"https:\/\/cj.diakonia.ro\/wp-content\/uploads\/2020\/06\/ado.jpg 330w, https:\/\/cj.diakonia.ro\/wp-content\/uploads\/2020\/06\/ado-275x300.jpg 275w\" sizes=\"(max-width: 330px) 100vw, 330px\" \/>\n<h3><\/h3>\n<h3>3,5% din impozitul pe venit<\/h3>\n\n\n\nMul\u021bumim tuturor celor care ne-au sus\u021binut p\u00e2n\u0103 acum cu 2, respectiv 3,5% din impozitul pe venit. A\u015ftept\u0103m cu drag \u00een continuare sprijin de acest gen. V\u0103 rug\u0103m s\u0103 completa\u021bi <a href=\"https:\/\/cj.diakonia.ro\/wp-content\/uploads\/2021\/03\/Formular-230_CU-DATELE-DIAKONIEI-pagina-1.pdf\"><strong>acest document<\/strong><\/a> \u0219i s\u0103 \u00eel trimite\u021bi prin po\u0219t\u0103 recomandat sau s\u0103 \u00eel duce\u021bi personal la ANAF.<\/div><div id=\"jet-tabs-content-1476\" class=\"jet-tabs__content \" data-tab=\"6\" role=\"tabpanel\" aria-hidden=\"true\" data-template-id=\"false\"><p><img loading=\"lazy\" decoding=\"async\" class=\"alignleft size-full wp-image-2420\" src=\"https:\/\/cj.diakonia.ro\/wp-content\/uploads\/2020\/06\/onkentesseg.jpg\" alt=\"\" width=\"330\" height=\"360\" srcset=\"https:\/\/cj.diakonia.ro\/wp-content\/uploads\/2020\/06\/onkentesseg.jpg 330w, https:\/\/cj.diakonia.ro\/wp-content\/uploads\/2020\/06\/onkentesseg-275x300.jpg 275w\" sizes=\"(max-width: 330px) 100vw, 330px\" \/><\/p><h3>\u00a0<\/h3><h3>Voluntariat<\/h3><p>Programul de voluntariat s-a eviden\u0163iat \u015fi s-a dezvoltat treptat \u00een via\u0163a Diakoniei, din dorin\u021ba de a con\u0219tientiza comunitatea local\u0103 asupra responsabilit\u0103\u0163ii pe care fiecare din noi o avem fa\u0163\u0103 de problemele diverse din jurul nostru.<\/p><p>Voluntariatul, \u00een primul r\u00e2nd, este o resurs\u0103 privitoare solu\u0163ionarea multor probleme sociale cu care se confrunt\u0103 lumea de azi, iar pe de alt\u0103 parte, o posibilitate de dezvoltare personal\u0103 \u0219i profesional\u0103 pentru voluntar.<\/p><\/div>\t\t\t<\/div>\n\t\t\t\t\t<\/div>\n\t\t\t\t\t\t<\/div>\n\t\t\t\t<\/div>\n\t\t\t\t\t<\/div>\n\t\t<\/div>\n\t\t\t\t\t<\/div>\n\t\t<\/section>\n\t\t\t\t<\/div>\n\t\t","protected":false},"excerpt":{"rendered":"<p>Firm\u0103 sau persoan\u0103 fizic\u0103Dona\u021bieTransfer BancarPay Pal3,5% din impozitul pe venitVoluntariat \u00a0 Transfer Bancar BANCA: Banca Transilvania, sucursala Cluj-Napoca SWIFT: BTRLRO22 CONT: RO15BTRL01301205F20060XX \u00a0 \u00a0 \u00a0 Dona\u021bie Transfer Bancar \u00a0 Pay Pal 3,5% din impozitul pe venit Mul\u021bumim tuturor celor care ne-au sus\u021binut p\u00e2n\u0103 acum cu 2, respectiv 3,5% din impozitul pe venit. A\u015ftept\u0103m cu drag [&hellip;]<\/p>\n","protected":false},"author":1,"featured_media":0,"parent":0,"menu_order":0,"comment_status":"closed","ping_status":"closed","template":"","meta":{"footnotes":""},"class_list":["post-3534","page","type-page","status-publish","hentry"],"_links":{"self":[{"href":"https:\/\/cj.diakonia.ro\/ro\/wp-json\/wp\/v2\/pages\/3534","targetHints":{"allow":["GET"]}}],"collection":[{"href":"https:\/\/cj.diakonia.ro\/ro\/wp-json\/wp\/v2\/pages"}],"about":[{"href":"https:\/\/cj.diakonia.ro\/ro\/wp-json\/wp\/v2\/types\/page"}],"author":[{"embeddable":true,"href":"https:\/\/cj.diakonia.ro\/ro\/wp-json\/wp\/v2\/users\/1"}],"replies":[{"embeddable":true,"href":"https:\/\/cj.diakonia.ro\/ro\/wp-json\/wp\/v2\/comments?post=3534"}],"version-history":[{"count":0,"href":"https:\/\/cj.diakonia.ro\/ro\/wp-json\/wp\/v2\/pages\/3534\/revisions"}],"wp:attachment":[{"href":"https:\/\/cj.diakonia.ro\/ro\/wp-json\/wp\/v2\/media?parent=3534"}],"curies":[{"name":"wp","href":"https:\/\/api.w.org\/{rel}","templated":true}]}}